{"id":30,"date":"2014-05-29T08:13:41","date_gmt":"2014-05-29T06:13:41","guid":{"rendered":"\/?page_id=30"},"modified":"2025-02-04T22:27:09","modified_gmt":"2025-02-04T20:27:09","slug":"spenden-und-mitgliedschaft","status":"publish","type":"page","link":"https:\/\/blindenvision.de\/?page_id=30","title":{"rendered":"Spenden und Mitgliedschaft"},"content":{"rendered":"<p>Wenn Sie das \u201eProjekt Blinden Vision\u201c unterst\u00fctzen m\u00f6chten, gibt es mehrere M\u00f6glichkeiten:<\/p>\n<h3><strong>Klassisch per Bank\u00fcberweisung:<\/strong><\/h3>\n<p style=\"padding-left: 40px;\">Projekt Blindenvision e.V.<br \/>Stadtsparkasse Aichach<br \/>IBAN: DE 247 205 121 0 0006 054 472<br \/>BIC: BY LADE M1 AIC<\/p>\n<p style=\"padding-left: 40px;\">Bitte Namen und Adresse angeben, die wir f\u00fcr die Ausstellung eine Spendenbescheinigung ben\u00f6tigen.<\/p>\n<h3><strong>Per Mitgliedschaft:<\/strong><\/h3>\n<p style=\"padding-left: 40px;\">Am liebsten sind uns nat\u00fcrlich Mitgliedschaften, da wir da \u00fcblicherweise von einer h\u00f6heren Regelm\u00e4\u00dfigkeit ausgehen k\u00f6nnen. Das erleichtert unsere Planungen erheblich. (Mitgliedschaften k\u00f6nnen jederzeit ohne Angabe von Gr\u00fcnden gek\u00fcndigt werden.)<\/p>\n<h6 style=\"padding-left: 40px;\"><a href=\"https:\/\/form.jotform.com\/221346065776359\" target=\"_blank\" rel=\"noopener\"><span style=\"color: #0000ff;\"><strong><span style=\"color: #333399;\">Online-Formular Mitgliedschaftsantrag f\u00fcr das Projekt Blinden Vision e.V.<\/span><\/strong><\/span><\/a><\/h6>\n<h6 style=\"padding-left: 40px;\"><img loading=\"lazy\" decoding=\"async\" class=\"wp-image-182\" style=\"font-family: 'Source Sans Pro', Helvetica, sans-serif; font-size: medium;\" src=\"\/wp-content\/uploads\/2014\/09\/pdf.png\" alt=\"pdf Icon\" width=\"15\" height=\"17\" \/> <span style=\"font-family: 'Source Sans Pro', Helvetica, sans-serif; font-size: medium; color: #333399;\"><a style=\"font-size: revert; color: #333399;\" href=\"https:\/\/blindenvision.de\/wp-content\/uploads\/2022\/05\/PDF-Antrag-auf-Mitgliedschaft.pdf\">alternativer PDF Mitgliedsbeitrag zum Ausf\u00fcllen und Ausdrucken<\/a><\/span><\/h6>\n<h3><strong>Per Paypal: <\/strong><\/h3>\n<p style=\"padding-left: 40px;\">Das geht am einfachsten und schnellsten. Ist auch sicher. Allerdings kassiert Paypal auch immer 1,9% von Ihrem Spendenbetrag.<\/p>\n\n\n<form action=\"https:\/\/www.paypal.com\/cgi-bin\/webscr\" method=\"post\" target=\"_top\"><input name=\"cmd\" type=\"hidden\" value=\"_s-xclick\"> <input name=\"hosted_button_id\" type=\"hidden\" value=\"EA36SYE5B9TFJ\"> <input title=\"PayPal - The safer, easier way to pay online!\" alt=\"Donate with PayPal button\" name=\"submit\" src=\"https:\/\/www.paypalobjects.com\/de_DE\/DE\/i\/btn\/btn_donateCC_LG.gif\" type=\"image\"> <figure><img loading=\"lazy\" decoding=\"async\" src=\"https:\/\/www.paypal.com\/de_DE\/i\/scr\/pixel.gif\" alt=\"\" width=\"1\" height=\"1\" border=\"0\"><\/figure><\/form>\n\n\n<hr \/>\n\n\n<div class=\"wp-block-group alignwide\"><div class=\"wp-block-group__inner-container is-layout-flow wp-block-group-is-layout-flow\"><\/div><\/div>\n\n\n<h3>Per Spendenformular<\/h3>\n<p><div class=\"wp-block-image\"><\/p>\n<figure class=\"alignleft is-resized\" style=\"padding-left: 40px;\"><img loading=\"lazy\" decoding=\"async\" width=\"32\" height=\"36\" class=\"wp-image-182\" src=\"\/wp-content\/uploads\/2014\/09\/pdf.png\" alt=\"pdf Icon\" \/>\n\n<\/figure>\n<p><\/div><\/p>\n\n\n<p class=\"has-red-color has-text-color\">  <strong><a title=\"Spendenformular\" href=\"https:\/\/blindenvision.de\/wp-content\/uploads\/2018\/07\/20180728_Spende_Blindenvision.pdf\" target=\"_blank\" rel=\"noopener noreferrer\"><span style=\"color: #ff0000;\">Spendenformular PDF<\/span><\/a><\/strong><\/p>\n\n\n<p>\u00a0<\/p>\n<p>In allen F\u00e4llen k\u00f6nnen Sie von uns eine steuerlich anrechenbare Spendenbescheinigung erhalten. Dazu ben\u00f6tigen wir aber Ihren Namen und Ihre Adresse, am besten auf einem der Formulare (s.o.) oder auf der \u00dcberweisung, um Ihnen die Spendenbescheinigung zuschicken zu k\u00f6nnen.<\/p>\n\n\n<p class=\"has-red-color has-text-color\"><\/p>\n\n\n\n<figure class=\"wp-block-image\"><a href=\"http:\/\/blindenvision.de\/wp-content\/uploads\/2014\/05\/Raoul-M\u00e4rz-2014.jpg\"><img loading=\"lazy\" decoding=\"async\" width=\"1024\" height=\"576\" src=\"http:\/\/blindenvision.de\/wp-content\/uploads\/2014\/05\/Raoul-M\u00e4rz-2014.jpg\" alt=\"???????????????????????????????\" class=\"wp-image-401\" srcset=\"https:\/\/blindenvision.de\/wp-content\/uploads\/2014\/05\/Raoul-M\u00e4rz-2014.jpg 1024w, https:\/\/blindenvision.de\/wp-content\/uploads\/2014\/05\/Raoul-M\u00e4rz-2014-300x168.jpg 300w\" sizes=\"auto, (max-width: 1024px) 100vw, 1024px\" \/><\/a><\/figure>\n","protected":false},"excerpt":{"rendered":"<p>Wenn Sie das \u201eProjekt Blinden Vision\u201c unterst\u00fctzen m\u00f6chten, gibt es mehrere M\u00f6glichkeiten: Klassisch per Bank\u00fcberweisung: Projekt Blindenvision e.V.Stadtsparkasse AichachIBAN: DE 247 205 121 0 0006 054 472BIC: BY LADE M1 AIC Bitte Namen und Adresse angeben, die wir f\u00fcr die Ausstellung eine Spendenbescheinigung ben\u00f6tigen. Per Mitgliedschaft: Am liebsten sind uns nat\u00fcrlich Mitgliedschaften, da wir da [&hellip;]<\/p>\n","protected":false},"author":1,"featured_media":0,"parent":0,"menu_order":0,"comment_status":"closed","ping_status":"closed","template":"","meta":{"footnotes":""},"class_list":["post-30","page","type-page","status-publish","hentry"],"_links":{"self":[{"href":"https:\/\/blindenvision.de\/index.php?rest_route=\/wp\/v2\/pages\/30","targetHints":{"allow":["GET"]}}],"collection":[{"href":"https:\/\/blindenvision.de\/index.php?rest_route=\/wp\/v2\/pages"}],"about":[{"href":"https:\/\/blindenvision.de\/index.php?rest_route=\/wp\/v2\/types\/page"}],"author":[{"embeddable":true,"href":"https:\/\/blindenvision.de\/index.php?rest_route=\/wp\/v2\/users\/1"}],"replies":[{"embeddable":true,"href":"https:\/\/blindenvision.de\/index.php?rest_route=%2Fwp%2Fv2%2Fcomments&post=30"}],"version-history":[{"count":78,"href":"https:\/\/blindenvision.de\/index.php?rest_route=\/wp\/v2\/pages\/30\/revisions"}],"predecessor-version":[{"id":1373,"href":"https:\/\/blindenvision.de\/index.php?rest_route=\/wp\/v2\/pages\/30\/revisions\/1373"}],"wp:attachment":[{"href":"https:\/\/blindenvision.de\/index.php?rest_route=%2Fwp%2Fv2%2Fmedia&parent=30"}],"curies":[{"name":"wp","href":"https:\/\/api.w.org\/{rel}","templated":true}]}}