{"id":26,"date":"2014-05-29T08:12:37","date_gmt":"2014-05-29T06:12:37","guid":{"rendered":"\/?page_id=26"},"modified":"2021-02-23T23:51:10","modified_gmt":"2021-02-23T21:51:10","slug":"produktionen-der-muetter","status":"publish","type":"page","link":"https:\/\/blindenvision.de\/?page_id=26","title":{"rendered":"Produktionen der M\u00fctter"},"content":{"rendered":"<h5>F\u00fcr eine gr\u00f6\u00dfere Unabh\u00e4ngigkeit des Vereins und der M\u00fctter<\/h5>\n<p>Die Kooperation mit den M\u00fcttern der betreuten Kinder konnte intensiviert werden. Vereinzelt sehen wir auch V\u00e4ter. Es finden nun auch regelm\u00e4\u00dfige Besprechungen der Betreuerinnen mit den Eltern statt. Nach anf\u00e4nglichem Z\u00f6gern beginnen die M\u00fctter bei Bedarf nun auch sich in den Tagesablauf einzubringen und Hilfestellungen bei Turn\u00fcbungen, Kochen, Aufr\u00e4umen zu leisten.<br \/>\nDie M\u00fctter haben auch begonnen, kleinere Artikel anzufertigen, Sie k\u00f6nnen so durch deren Verkauf einen Beitrag zum Aufbau und Erhalt des Zentrums einbringen. Wir produzieren je nach Jahreszeit Weihnachts- oder Ostergeb\u00e4ck, Postkarten, Kuchen oder Marmeladen.<br \/>\nEin kleiner Altkleiderhandel und nun auch eine N\u00e4hstube wurden eingerichtet. Gen\u00e4ht wurden schon Corona-Masken oder Jogginghosen. Vielleicht k\u00f6nnen wir sogar erreichen, dass manchen M\u00fcttern hierdurch ein dringend ben\u00f6tigter Zuverdienst m\u00f6glich wird. Selbstversorgung spielt f\u00fcr die K\u00fcche eine gro\u00dfe Rolle. Wir haben im gro\u00dfen Garten ein gro\u00dfes Gem\u00fcsebeet, viele Obstb\u00e4ume und H\u00fchner und Enten. Auch ein Schwein wird mal geschlachtet.<br \/>\nDie Beteiligung der Kinder an der Pflege des Gartens und der Tiere sowie die Mithilfe bei der Ernte sehen wir als wichtige p\u00e4dagogische Prozesse. Die Kinder k\u00f6nnen lernen, sich zu k\u00fcmmern und kleine n\u00fctzliche Handreichungen beizutragen.<\/p>\n\n\t\t<style type=\"text\/css\">\n\t\t\t#gallery-1 {\n\t\t\t\tmargin: auto;\n\t\t\t}\n\t\t\t#gallery-1 .gallery-item {\n\t\t\t\tfloat: left;\n\t\t\t\tmargin-top: 10px;\n\t\t\t\ttext-align: center;\n\t\t\t\twidth: 25%;\n\t\t\t}\n\t\t\t#gallery-1 img {\n\t\t\t\tborder: 2px solid #cfcfcf;\n\t\t\t}\n\t\t\t#gallery-1 .gallery-caption {\n\t\t\t\tmargin-left: 0;\n\t\t\t}\n\t\t\t\/* see gallery_shortcode() in wp-includes\/media.php *\/\n\t\t<\/style>\n\t\t<div id='gallery-1' class='gallery galleryid-26 gallery-columns-4 gallery-size-thumbnail'><dl class='gallery-item'>\n\t\t\t<dt class='gallery-icon portrait'>\n\t\t\t\t<a href='https:\/\/blindenvision.de\/?attachment_id=297'><img loading=\"lazy\" decoding=\"async\" width=\"150\" height=\"150\" src=\"https:\/\/blindenvision.de\/wp-content\/uploads\/2014\/05\/20130909_0011-e1421244912354-150x150.jpg\" class=\"attachment-thumbnail size-thumbnail\" alt=\"\" \/><\/a>\n\t\t\t<\/dt><\/dl><dl class='gallery-item'>\n\t\t\t<dt class='gallery-icon portrait'>\n\t\t\t\t<a href='https:\/\/blindenvision.de\/?attachment_id=298'><img loading=\"lazy\" decoding=\"async\" width=\"150\" height=\"150\" src=\"https:\/\/blindenvision.de\/wp-content\/uploads\/2014\/05\/20130909_0011-1-150x150.jpg\" class=\"attachment-thumbnail size-thumbnail\" alt=\"\" \/><\/a>\n\t\t\t<\/dt><\/dl><dl class='gallery-item'>\n\t\t\t<dt class='gallery-icon landscape'>\n\t\t\t\t<a href='https:\/\/blindenvision.de\/?attachment_id=299'><img loading=\"lazy\" decoding=\"async\" width=\"150\" height=\"150\" src=\"https:\/\/blindenvision.de\/wp-content\/uploads\/2014\/05\/DSCN2751-150x150.jpg\" class=\"attachment-thumbnail size-thumbnail\" alt=\"\" \/><\/a>\n\t\t\t<\/dt><\/dl><dl class='gallery-item'>\n\t\t\t<dt class='gallery-icon landscape'>\n\t\t\t\t<a href='https:\/\/blindenvision.de\/?attachment_id=300'><img loading=\"lazy\" decoding=\"async\" width=\"150\" height=\"150\" src=\"https:\/\/blindenvision.de\/wp-content\/uploads\/2014\/05\/DSCN2767-150x150.jpg\" class=\"attachment-thumbnail size-thumbnail\" alt=\"\" \/><\/a>\n\t\t\t<\/dt><\/dl><br style=\"clear: both\" \/><dl class='gallery-item'>\n\t\t\t<dt class='gallery-icon landscape'>\n\t\t\t\t<a href='https:\/\/blindenvision.de\/?attachment_id=301'><img loading=\"lazy\" decoding=\"async\" width=\"150\" height=\"150\" src=\"https:\/\/blindenvision.de\/wp-content\/uploads\/2014\/05\/DSCN2769-150x150.jpg\" class=\"attachment-thumbnail size-thumbnail\" alt=\"\" \/><\/a>\n\t\t\t<\/dt><\/dl>\n\t\t\t<br style='clear: both' \/>\n\t\t<\/div>\n\n<p class=\"western\" lang=\"en-GB\"><span lang=\"de-DE\">Die M\u00fctter versuchen durch den Verkauf eigener Produktionen, Marmelade, Weihnachts- oder Ostergeb\u00e4ck, Postkarten und vieles andere auch eigene Einnahmen f\u00fcr das Projekt zu erzielen.<\/span><\/p>\n\n\t\t<style type=\"text\/css\">\n\t\t\t#gallery-2 {\n\t\t\t\tmargin: auto;\n\t\t\t}\n\t\t\t#gallery-2 .gallery-item {\n\t\t\t\tfloat: left;\n\t\t\t\tmargin-top: 10px;\n\t\t\t\ttext-align: center;\n\t\t\t\twidth: 25%;\n\t\t\t}\n\t\t\t#gallery-2 img {\n\t\t\t\tborder: 2px solid #cfcfcf;\n\t\t\t}\n\t\t\t#gallery-2 .gallery-caption {\n\t\t\t\tmargin-left: 0;\n\t\t\t}\n\t\t\t\/* see gallery_shortcode() in wp-includes\/media.php *\/\n\t\t<\/style>\n\t\t<div id='gallery-2' class='gallery galleryid-26 gallery-columns-4 gallery-size-thumbnail'><dl class='gallery-item'>\n\t\t\t<dt class='gallery-icon landscape'>\n\t\t\t\t<a href='https:\/\/blindenvision.de\/?attachment_id=606'><img loading=\"lazy\" decoding=\"async\" width=\"150\" height=\"150\" src=\"https:\/\/blindenvision.de\/wp-content\/uploads\/2014\/05\/Produktion_Muetter_2-150x150.jpg\" class=\"attachment-thumbnail size-thumbnail\" alt=\"Mutter mit Kindern vort der Tagesst\u00e4tte\" \/><\/a>\n\t\t\t<\/dt><\/dl><dl class='gallery-item'>\n\t\t\t<dt class='gallery-icon landscape'>\n\t\t\t\t<a href='https:\/\/blindenvision.de\/?attachment_id=607'><img loading=\"lazy\" decoding=\"async\" width=\"150\" height=\"150\" src=\"https:\/\/blindenvision.de\/wp-content\/uploads\/2014\/05\/Produktion_Muetter_3-150x150.jpg\" class=\"attachment-thumbnail size-thumbnail\" alt=\"Weihnachtsengel stehen bereit\" \/><\/a>\n\t\t\t<\/dt><\/dl><dl class='gallery-item'>\n\t\t\t<dt class='gallery-icon landscape'>\n\t\t\t\t<a href='https:\/\/blindenvision.de\/?attachment_id=608'><img loading=\"lazy\" decoding=\"async\" width=\"150\" height=\"150\" src=\"https:\/\/blindenvision.de\/wp-content\/uploads\/2014\/05\/Produktion_Muetter_4-150x150.jpg\" class=\"attachment-thumbnail size-thumbnail\" alt=\"Auch Geb\u00e4ck steht im Angebot\" \/><\/a>\n\t\t\t<\/dt><\/dl><dl class='gallery-item'>\n\t\t\t<dt class='gallery-icon landscape'>\n\t\t\t\t<a href='https:\/\/blindenvision.de\/?attachment_id=611'><img loading=\"lazy\" decoding=\"async\" width=\"150\" height=\"150\" src=\"https:\/\/blindenvision.de\/wp-content\/uploads\/2017\/03\/Produktion_Muetter_1-150x150.jpg\" class=\"attachment-thumbnail size-thumbnail\" alt=\"Weihnachtsdeko in der Produktion\" \/><\/a>\n\t\t\t<\/dt><\/dl><br style=\"clear: both\" \/>\n\t\t<\/div>\n\n<p><span style=\"color: #ff6600;\">\u00a0<\/span><\/p>\n","protected":false},"excerpt":{"rendered":"<p>F\u00fcr eine gr\u00f6\u00dfere Unabh\u00e4ngigkeit des Vereins und der M\u00fctter Die Kooperation mit den M\u00fcttern der betreuten Kinder konnte intensiviert werden. Vereinzelt sehen wir auch V\u00e4ter. Es finden nun auch regelm\u00e4\u00dfige Besprechungen der Betreuerinnen mit den Eltern statt. Nach anf\u00e4nglichem Z\u00f6gern beginnen die M\u00fctter bei Bedarf nun auch sich in den Tagesablauf einzubringen und Hilfestellungen bei [&hellip;]<\/p>\n","protected":false},"author":1,"featured_media":0,"parent":0,"menu_order":0,"comment_status":"closed","ping_status":"closed","template":"","meta":{"footnotes":""},"class_list":["post-26","page","type-page","status-publish","hentry"],"_links":{"self":[{"href":"https:\/\/blindenvision.de\/index.php?rest_route=\/wp\/v2\/pages\/26","targetHints":{"allow":["GET"]}}],"collection":[{"href":"https:\/\/blindenvision.de\/index.php?rest_route=\/wp\/v2\/pages"}],"about":[{"href":"https:\/\/blindenvision.de\/index.php?rest_route=\/wp\/v2\/types\/page"}],"author":[{"embeddable":true,"href":"https:\/\/blindenvision.de\/index.php?rest_route=\/wp\/v2\/users\/1"}],"replies":[{"embeddable":true,"href":"https:\/\/blindenvision.de\/index.php?rest_route=%2Fwp%2Fv2%2Fcomments&post=26"}],"version-history":[{"count":10,"href":"https:\/\/blindenvision.de\/index.php?rest_route=\/wp\/v2\/pages\/26\/revisions"}],"predecessor-version":[{"id":868,"href":"https:\/\/blindenvision.de\/index.php?rest_route=\/wp\/v2\/pages\/26\/revisions\/868"}],"wp:attachment":[{"href":"https:\/\/blindenvision.de\/index.php?rest_route=%2Fwp%2Fv2%2Fmedia&parent=26"}],"curies":[{"name":"wp","href":"https:\/\/api.w.org\/{rel}","templated":true}]}}