{"id":22,"date":"2014-05-29T08:11:24","date_gmt":"2014-05-29T06:11:24","guid":{"rendered":"\/?page_id=22"},"modified":"2021-02-23T23:31:10","modified_gmt":"2021-02-23T21:31:10","slug":"status-quo","status":"publish","type":"page","link":"https:\/\/blindenvision.de\/?page_id=22","title":{"rendered":"Betreuerinnen"},"content":{"rendered":"<h5>Das Herzst\u00fcck des Vereins<\/h5>\n<p>Die Seele vor Ort war von Anfang an Maria Bolea. Das Ganze begann, als Maria zwei stark behinderte Kinder bei sich aufgenommen hatte.<\/p>\n<p><img loading=\"lazy\" decoding=\"async\" class=\"alignnone size-full wp-image-849\" src=\"https:\/\/blindenvision.de\/wp-content\/uploads\/2021\/02\/Betreuerinn.jpg\" alt=\"\" width=\"1170\" height=\"859\" srcset=\"https:\/\/blindenvision.de\/wp-content\/uploads\/2021\/02\/Betreuerinn.jpg 1170w, https:\/\/blindenvision.de\/wp-content\/uploads\/2021\/02\/Betreuerinn-300x220.jpg 300w, https:\/\/blindenvision.de\/wp-content\/uploads\/2021\/02\/Betreuerinn-1024x752.jpg 1024w, https:\/\/blindenvision.de\/wp-content\/uploads\/2021\/02\/Betreuerinn-768x564.jpg 768w\" sizes=\"auto, (max-width: 1170px) 100vw, 1170px\" \/><\/p>\n<p>Dann kamen andere Kinder zun\u00e4chst nur zum Spielen dazu. Bald war klar, dass es f\u00fcr diese Kinder mit ihren Besonderheiten und Beeintr\u00e4chtigung einen erheblichen Betreuungsbedarf gibt.<\/p>\n<p><span style=\"font-size: inherit;\">Seither k\u00fcmmert sich Maria nicht nur um die Kinder. Sie stellt sich auch den beh\u00f6rdlichen Herausforderungen, h\u00e4lt das Personal zusammen und\u00a0 ermuntert die M\u00fctter. Maria f\u00e4ngt um f\u00fcnf Uhr in der Fr\u00fch an f\u00fcr die Kinder zu kochen, putzt am Wochenende die R\u00e4umlichkeiten und ist rund um die Uhr Bezugsperson f\u00fcr alle.<\/span><\/p>\n<blockquote><p><span style=\"color: #ff6600;\">\u201cIn n\u00e4chster Zeit wollen wir Aufgaben und Belastungen st\u00e4rker auf mehreren Schultern verteilen.\u201d<\/span><\/p><\/blockquote>\n<p>Maria wird heute unterst\u00fctzt von derzeit sieben qualifizierten Betreuerinnen, &#8211; einer Psychologin, einer Besch\u00e4ftigungstherapeutinnen, einer Musiklehrerin, zwei Logop\u00e4dinnen und einer Sozial-Assistentin. Auch ein Mann, ein Sozialp\u00e4dagoge, ist dabei. Teilzeitkr\u00e4fte kommen hinzu, auch Praktikantinnen, und eine Buchhalterin. Dieses Team ist hochmotiviert, ungew\u00f6hnlich engagiert und bestens qualifiziert.<\/p>\n<p><img loading=\"lazy\" decoding=\"async\" class=\"alignnone size-full wp-image-851\" src=\"https:\/\/blindenvision.de\/wp-content\/uploads\/2021\/02\/Betreuerinnen2.png\" alt=\"\" width=\"797\" height=\"448\" srcset=\"https:\/\/blindenvision.de\/wp-content\/uploads\/2021\/02\/Betreuerinnen2.png 797w, https:\/\/blindenvision.de\/wp-content\/uploads\/2021\/02\/Betreuerinnen2-300x169.png 300w, https:\/\/blindenvision.de\/wp-content\/uploads\/2021\/02\/Betreuerinnen2-768x432.png 768w\" sizes=\"auto, (max-width: 797px) 100vw, 797px\" \/><\/p>\n<p>Wir legen gro\u00dfen Wert auf die F\u00f6rderung der Mitarbeiter. Sie erhalten Gelegenheit fachspezifische Weiterbildungskurse zu besuchen. Zwei Mitarbeiterinnen haben sogar universit\u00e4re Masterstudieng\u00e4nge neben ihrer Arbeit im Projekt erfolgreich abgeschlossen, Michaela als Logop\u00e4din, Joanna als Psychologin. Sie bringen nun diese Kenntnisse in das Projekt ein.<\/p>\n<p>Andere konnten ein Praktikum in Sozialeinrichtungen in Deutschland (Neuburg a.d.D.) absolvieren. Von der positiven Erfahrung und den vielf\u00e4ltigen Anregungen sind beide Seiten begeistert, die rum\u00e4nische wie die deutsche.<\/p>\n<p>In diesem Jahr haben wir auch begonnen, M\u00fctter in Teilzeit aktiv in die Projektarbeit einzubinden. Zwei dieser M\u00fctter absolvieren derzeit ebenfalls ein begleitendes Studium, eines in Logop\u00e4die, und eines in Bewegungstherapie.<\/p>\n<p>Nach wie vor sehr beschr\u00e4nkt sind unsere M\u00f6glichkeiten, angemessene Geh\u00e4lter zu bezahlen. Nachdem die verf\u00fcgbaren Mittel lange nur f\u00fcr Geh\u00e4lter unter dem Mindestlohn ausgereicht hatten, sind wir in diesem Jahr, im Jahr 2021, das erste Mal so weit, Geh\u00e4lter \u00fcber dieser Mindestgrenze auszahlen zu k\u00f6nnen.<\/p>\n<p>Unser Ziel ist es jedoch, dass unsere Mitarbeiter gut bezahlt werden. Qualifizierte, engagierte und verl\u00e4ssliche Mitarbeiter sollen auch ein angemessenes Gehalt bekommen. Es ist auf Dauer keine L\u00f6sung, dass unsere Mitarbeiter, um ihre wichtige und engagierte Arbeit erbringen zu k\u00f6nnen, sich daf\u00fcr pers\u00f6nlich einschr\u00e4nken m\u00fcssen. Dies war bisher der Fall. Wir wollen erreichen, dass wir gute Mitarbeiter nicht nur durch ein attraktives Arbeitsangebot motivieren und halten, sondern auch durch ein attraktives Gehalt.<\/p>\n<p>Daf\u00fcr sind wir auf regelm\u00e4\u00dfige Spenden angewiesen.<\/p>\n\n\t\t<style type=\"text\/css\">\n\t\t\t#gallery-1 {\n\t\t\t\tmargin: auto;\n\t\t\t}\n\t\t\t#gallery-1 .gallery-item {\n\t\t\t\tfloat: left;\n\t\t\t\tmargin-top: 10px;\n\t\t\t\ttext-align: center;\n\t\t\t\twidth: 25%;\n\t\t\t}\n\t\t\t#gallery-1 img {\n\t\t\t\tborder: 2px solid #cfcfcf;\n\t\t\t}\n\t\t\t#gallery-1 .gallery-caption {\n\t\t\t\tmargin-left: 0;\n\t\t\t}\n\t\t\t\/* see gallery_shortcode() in wp-includes\/media.php *\/\n\t\t<\/style>\n\t\t<div id='gallery-1' class='gallery galleryid-22 gallery-columns-4 gallery-size-thumbnail'><dl class='gallery-item'>\n\t\t\t<dt class='gallery-icon portrait'>\n\t\t\t\t<a href='https:\/\/blindenvision.de\/?attachment_id=858'><img loading=\"lazy\" decoding=\"async\" width=\"150\" height=\"150\" src=\"https:\/\/blindenvision.de\/wp-content\/uploads\/2021\/02\/IMG-20190708-WA0041-150x150.jpg\" class=\"attachment-thumbnail size-thumbnail\" alt=\"\" \/><\/a>\n\t\t\t<\/dt><\/dl><dl class='gallery-item'>\n\t\t\t<dt class='gallery-icon landscape'>\n\t\t\t\t<a href='https:\/\/blindenvision.de\/?attachment_id=305'><img loading=\"lazy\" decoding=\"async\" width=\"150\" height=\"150\" src=\"https:\/\/blindenvision.de\/wp-content\/uploads\/2014\/05\/DSCN2629-150x150.jpg\" class=\"attachment-thumbnail size-thumbnail\" alt=\"Betreuerin Mihaela\" aria-describedby=\"gallery-1-305\" \/><\/a>\n\t\t\t<\/dt>\n\t\t\t\t<dd class='wp-caption-text gallery-caption' id='gallery-1-305'>\n\t\t\t\tMihaela\n\t\t\t\t<\/dd><\/dl><dl class='gallery-item'>\n\t\t\t<dt class='gallery-icon landscape'>\n\t\t\t\t<a href='https:\/\/blindenvision.de\/?attachment_id=589'><img loading=\"lazy\" decoding=\"async\" width=\"150\" height=\"150\" src=\"https:\/\/blindenvision.de\/wp-content\/uploads\/2014\/05\/BertreuerinnenTeam_2017-150x150.jpg\" class=\"attachment-thumbnail size-thumbnail\" alt=\"Bertreuerinnen Team 2017\" \/><\/a>\n\t\t\t<\/dt><\/dl><dl class='gallery-item'>\n\t\t\t<dt class='gallery-icon portrait'>\n\t\t\t\t<a href='https:\/\/blindenvision.de\/?attachment_id=857'><img loading=\"lazy\" decoding=\"async\" width=\"150\" height=\"150\" src=\"https:\/\/blindenvision.de\/wp-content\/uploads\/2021\/02\/IMG-20181129-WA0013-150x150.jpg\" class=\"attachment-thumbnail size-thumbnail\" alt=\"\" \/><\/a>\n\t\t\t<\/dt><\/dl><br style=\"clear: both\" \/><dl class='gallery-item'>\n\t\t\t<dt class='gallery-icon landscape'>\n\t\t\t\t<a href='https:\/\/blindenvision.de\/?attachment_id=854'><img loading=\"lazy\" decoding=\"async\" width=\"150\" height=\"150\" src=\"https:\/\/blindenvision.de\/wp-content\/uploads\/2021\/02\/20190604_0053-150x150.jpg\" class=\"attachment-thumbnail size-thumbnail\" alt=\"\" \/><\/a>\n\t\t\t<\/dt><\/dl><dl class='gallery-item'>\n\t\t\t<dt class='gallery-icon portrait'>\n\t\t\t\t<a href='https:\/\/blindenvision.de\/?attachment_id=304'><img loading=\"lazy\" decoding=\"async\" width=\"150\" height=\"150\" src=\"https:\/\/blindenvision.de\/wp-content\/uploads\/2014\/05\/20130909_0021-1-150x150.jpg\" class=\"attachment-thumbnail size-thumbnail\" alt=\"Betreuung der Kinder beim Sport\" \/><\/a>\n\t\t\t<\/dt><\/dl><dl class='gallery-item'>\n\t\t\t<dt class='gallery-icon landscape'>\n\t\t\t\t<a href='https:\/\/blindenvision.de\/?attachment_id=542'><img loading=\"lazy\" decoding=\"async\" width=\"150\" height=\"150\" src=\"https:\/\/blindenvision.de\/wp-content\/uploads\/2014\/05\/20160602_0054-150x150.jpg\" class=\"attachment-thumbnail size-thumbnail\" alt=\"Betreuerin mit Anya und Alex\" \/><\/a>\n\t\t\t<\/dt><\/dl><dl class='gallery-item'>\n\t\t\t<dt class='gallery-icon landscape'>\n\t\t\t\t<a href='https:\/\/blindenvision.de\/?attachment_id=591'><img loading=\"lazy\" decoding=\"async\" width=\"150\" height=\"150\" src=\"https:\/\/blindenvision.de\/wp-content\/uploads\/2014\/05\/Betreuerin_Tatjana_mit_Elena-150x150.jpg\" class=\"attachment-thumbnail size-thumbnail\" alt=\"Betreuerin Tatjana mit Elena\" \/><\/a>\n\t\t\t<\/dt><\/dl><br style=\"clear: both\" \/><dl class='gallery-item'>\n\t\t\t<dt class='gallery-icon landscape'>\n\t\t\t\t<a href='https:\/\/blindenvision.de\/?attachment_id=307'><img loading=\"lazy\" decoding=\"async\" width=\"150\" height=\"150\" src=\"https:\/\/blindenvision.de\/wp-content\/uploads\/2014\/05\/DSCN2632-150x150.jpg\" class=\"attachment-thumbnail size-thumbnail\" alt=\"Bereuerin Jona\" aria-describedby=\"gallery-1-307\" \/><\/a>\n\t\t\t<\/dt>\n\t\t\t\t<dd class='wp-caption-text gallery-caption' id='gallery-1-307'>\n\t\t\t\tJona\n\t\t\t\t<\/dd><\/dl><dl class='gallery-item'>\n\t\t\t<dt class='gallery-icon portrait'>\n\t\t\t\t<a href='https:\/\/blindenvision.de\/?attachment_id=590'><img loading=\"lazy\" decoding=\"async\" width=\"150\" height=\"150\" src=\"https:\/\/blindenvision.de\/wp-content\/uploads\/2014\/05\/Betreuerin_Maria_mit_Christina-150x150.jpg\" class=\"attachment-thumbnail size-thumbnail\" alt=\"Betreuerin Maria mit Christina\" \/><\/a>\n\t\t\t<\/dt><\/dl><dl class='gallery-item'>\n\t\t\t<dt class='gallery-icon landscape'>\n\t\t\t\t<a href='https:\/\/blindenvision.de\/?attachment_id=303'><img loading=\"lazy\" decoding=\"async\" width=\"150\" height=\"150\" src=\"https:\/\/blindenvision.de\/wp-content\/uploads\/2014\/05\/20130909_0013-1-150x150.jpg\" class=\"attachment-thumbnail size-thumbnail\" alt=\"Betreuung der Kinder im Projektraum\" \/><\/a>\n\t\t\t<\/dt><\/dl><dl class='gallery-item'>\n\t\t\t<dt class='gallery-icon portrait'>\n\t\t\t\t<a href='https:\/\/blindenvision.de\/?attachment_id=859'><img loading=\"lazy\" decoding=\"async\" width=\"150\" height=\"150\" src=\"https:\/\/blindenvision.de\/wp-content\/uploads\/2021\/02\/IMG-20201009-WA0012-2-150x150.jpg\" class=\"attachment-thumbnail size-thumbnail\" alt=\"\" \/><\/a>\n\t\t\t<\/dt><\/dl><br style=\"clear: both\" \/>\n\t\t<\/div>\n\n","protected":false},"excerpt":{"rendered":"<p>Das Herzst\u00fcck des Vereins Die Seele vor Ort war von Anfang an Maria Bolea. Das Ganze begann, als Maria zwei stark behinderte Kinder bei sich aufgenommen hatte. Dann kamen andere Kinder zun\u00e4chst nur zum Spielen dazu. Bald war klar, dass es f\u00fcr diese Kinder mit ihren Besonderheiten und Beeintr\u00e4chtigung einen erheblichen Betreuungsbedarf gibt. Seither k\u00fcmmert [&hellip;]<\/p>\n","protected":false},"author":1,"featured_media":0,"parent":0,"menu_order":0,"comment_status":"closed","ping_status":"closed","template":"","meta":{"footnotes":""},"class_list":["post-22","page","type-page","status-publish","hentry"],"_links":{"self":[{"href":"https:\/\/blindenvision.de\/index.php?rest_route=\/wp\/v2\/pages\/22","targetHints":{"allow":["GET"]}}],"collection":[{"href":"https:\/\/blindenvision.de\/index.php?rest_route=\/wp\/v2\/pages"}],"about":[{"href":"https:\/\/blindenvision.de\/index.php?rest_route=\/wp\/v2\/types\/page"}],"author":[{"embeddable":true,"href":"https:\/\/blindenvision.de\/index.php?rest_route=\/wp\/v2\/users\/1"}],"replies":[{"embeddable":true,"href":"https:\/\/blindenvision.de\/index.php?rest_route=%2Fwp%2Fv2%2Fcomments&post=22"}],"version-history":[{"count":23,"href":"https:\/\/blindenvision.de\/index.php?rest_route=\/wp\/v2\/pages\/22\/revisions"}],"predecessor-version":[{"id":862,"href":"https:\/\/blindenvision.de\/index.php?rest_route=\/wp\/v2\/pages\/22\/revisions\/862"}],"wp:attachment":[{"href":"https:\/\/blindenvision.de\/index.php?rest_route=%2Fwp%2Fv2%2Fmedia&parent=22"}],"curies":[{"name":"wp","href":"https:\/\/api.w.org\/{rel}","templated":true}]}}