{"id":20,"date":"2014-05-29T08:09:58","date_gmt":"2014-05-29T06:09:58","guid":{"rendered":"\/?page_id=20"},"modified":"2021-02-23T22:56:01","modified_gmt":"2021-02-23T20:56:01","slug":"ziele","status":"publish","type":"page","link":"https:\/\/blindenvision.de\/?page_id=20","title":{"rendered":"Ziele des Vereins"},"content":{"rendered":"<p><strong>Wir m\u00f6chten einen Ort bieten, an dem sich die Kinder zuhause f\u00fchlen, einen Ort, an dem sie mit anderen Kindern zusammen sein und spielen k\u00f6nnen. Es soll ein Platz sein, an dem sie je nach ihren individuellen Bed\u00fcrfnissen und F\u00e4higkeiten gef\u00f6rdert, betreut und auch gesund ern\u00e4hrt werden.<\/strong><\/p>\n<p>Die Kinder werden mit ihren Beeintr\u00e4chtigungen leben, ein Leben lang. Wir wollen ihnen mit ihren Besonderheiten ein freudvolles Dasein erm\u00f6glichen. Sie sollen ihre F\u00e4higkeiten entfalten k\u00f6nnen, soweit dies m\u00f6glich ist. Wir wollen sie unterst\u00fctzen, an gesellschaftlichem Leben teilhaben zu k\u00f6nnen, in der Familie, in der Gruppe, im Alltag, mit Spa\u00df und mit W\u00fcrde. Sie sollen sich vielleicht auch n\u00fctzlich machen k\u00f6nnen und das Leben anderer bereichern.<\/p>\n<p><img loading=\"lazy\" decoding=\"async\" class=\"alignnone wp-image-378 size-full\" src=\"http:\/\/blindenvision.de\/wp-content\/uploads\/2014\/05\/DSCN2607.jpg\" alt=\"???????????????????????????????\" width=\"1024\" height=\"576\" srcset=\"https:\/\/blindenvision.de\/wp-content\/uploads\/2014\/05\/DSCN2607.jpg 1024w, https:\/\/blindenvision.de\/wp-content\/uploads\/2014\/05\/DSCN2607-300x168.jpg 300w\" sizes=\"auto, (max-width: 1024px) 100vw, 1024px\" \/><\/p>\n<p>Wir m\u00f6chten damit zu einem Ma\u00dfstab und Beispiel f\u00fcr andere Einrichtungen dieser Art in Rum\u00e4nien werden.<\/p>\n<p>Voraussetzung hierf\u00fcr ist, dass das Projekt personell und finanziell auf stabilen Beinen steht.<\/p>\n<p>Vor Ort in Rum\u00e4nien, also in Alba Julia, wird das Projekt parallel zum in Deutschland angesiedelten gemeinn\u00fctzigen Verein \u201eProjekt BlindenVision\u201c von einem Parallel-Verein verwaltet: Asociatia Proiectul Viziunea Nev\u0103z\u0103torilor.<\/p>\n<p>Derzeit wird in Alba Julia eine Namens\u00e4nderung diskutiert: Der neue Name bringt die Zielsetzung des Vereins zum Ausdruck: \u201ePrepare for Live\u201c.<\/p>\n<blockquote><p><span style=\"color: #ff6600;\">Wir wollen sicher stellen, dass unsere Kinder menschenw\u00fcrdig und freudvoll leben k\u00f6nnen, dass sie nicht alleine bleiben und auch f\u00fcr ihr \u00e4lter Werden Sorge getragen wird.<\/span><\/p><\/blockquote>\n","protected":false},"excerpt":{"rendered":"<p>Wir m\u00f6chten einen Ort bieten, an dem sich die Kinder zuhause f\u00fchlen, einen Ort, an dem sie mit anderen Kindern zusammen sein und spielen k\u00f6nnen. Es soll ein Platz sein, an dem sie je nach ihren individuellen Bed\u00fcrfnissen und F\u00e4higkeiten gef\u00f6rdert, betreut und auch gesund ern\u00e4hrt werden. Die Kinder werden mit ihren Beeintr\u00e4chtigungen leben, ein [&hellip;]<\/p>\n","protected":false},"author":1,"featured_media":0,"parent":0,"menu_order":0,"comment_status":"closed","ping_status":"closed","template":"","meta":{"footnotes":""},"class_list":["post-20","page","type-page","status-publish","hentry"],"_links":{"self":[{"href":"https:\/\/blindenvision.de\/index.php?rest_route=\/wp\/v2\/pages\/20","targetHints":{"allow":["GET"]}}],"collection":[{"href":"https:\/\/blindenvision.de\/index.php?rest_route=\/wp\/v2\/pages"}],"about":[{"href":"https:\/\/blindenvision.de\/index.php?rest_route=\/wp\/v2\/types\/page"}],"author":[{"embeddable":true,"href":"https:\/\/blindenvision.de\/index.php?rest_route=\/wp\/v2\/users\/1"}],"replies":[{"embeddable":true,"href":"https:\/\/blindenvision.de\/index.php?rest_route=%2Fwp%2Fv2%2Fcomments&post=20"}],"version-history":[{"count":18,"href":"https:\/\/blindenvision.de\/index.php?rest_route=\/wp\/v2\/pages\/20\/revisions"}],"predecessor-version":[{"id":841,"href":"https:\/\/blindenvision.de\/index.php?rest_route=\/wp\/v2\/pages\/20\/revisions\/841"}],"wp:attachment":[{"href":"https:\/\/blindenvision.de\/index.php?rest_route=%2Fwp%2Fv2%2Fmedia&parent=20"}],"curies":[{"name":"wp","href":"https:\/\/api.w.org\/{rel}","templated":true}]}}