{"id":181,"date":"2014-09-21T22:42:44","date_gmt":"2014-09-21T20:42:44","guid":{"rendered":"\/?page_id=181"},"modified":"2025-05-18T22:00:50","modified_gmt":"2025-05-18T20:00:50","slug":"download","status":"publish","type":"page","link":"https:\/\/blindenvision.de\/?page_id=181","title":{"rendered":"Historie"},"content":{"rendered":"<p>Den Anfang unseres Projekts \u2013 im Herbst 2009 \u2013 bildete das Zwillingspaar Christian und Christina. Maria und Nico Bolea hatten die beiden aus den menschenunw\u00fcrdigen Verh\u00e4ltnissen eines Kinderheimes zu sich nach Hause geholt. Christina war vollst\u00e4ndig blind, Christian nur zu 30% sehf\u00e4hig. Nach der Eingew\u00f6hnungszeit der traumatisierten Kinder ergab sich ein neues Problem. Die Kinder wurden schulpflichtig. Die n\u00e4chstgelegene Blindenschule, die bereit war, die beiden mittlerweile 8-J\u00e4hrigen aufzunehmen, lag in Cluj, 100 Kilometer entfernt. Die beiden Kinder h\u00e4tten also ihr neues Zuhause, in dem sie sich gerade gl\u00fccklich eingerichtet hatten, wieder verlassen und mit einem Heim in Cluj tauschen m\u00fcssen. Das wollten weder die neuen Eltern noch die Kinder. Die Kinder hatten endlich gerade sorgende Eltern gefunden, die Eltern Kinder, da sollten sie wieder auseinandergerissen werden.<br \/>In diese Situation fiel 2009 ein Besuch von Silvia und Bernd Wagner bei der Familie Bolea. Gemeinsam entstand Idee: Wenn es vor Ort, in Alba Julia, noch kein ad\u00e4quates Betreuungsangebot gibt, dann werden wir selbst eines aufbauen &#8211; ein Betreuungs- und F\u00f6rderzentrum f\u00fcr behinderte Kinder. Es war auch bekannt, dass Christina und Christian nicht die einzigen Kinder in der Region waren, die der Betreuung und Entwicklungsf\u00f6rderung bedurften.<br \/>Die Anf\u00e4nge unter den gegebenen Bedingungen in Alba Julia waren schwierig. Es gab weder R\u00e4ume noch Geld noch irgendwelche beh\u00f6rdliche Unterst\u00fctzungen. Erste R\u00e4ume konnten gefunden werden, &#8211; im Hause der Boleas. Sie wurden in Eigenarbeit hergerichtet. Fast alles erledigte Nico Bolea als ge\u00fcbter Universalhandwerker selbst. Das erforderliche Geld hierf\u00fcr wurde durch die Familie Wagner in Deutschland gesammelt. Am Tag nach der R\u00fcckkehr aus Alba Julia war hierf\u00fcr bei einer privaten Geburtstagsfeier spontan unter den Freunden ein Verein gegr\u00fcndet worden, der kurz darauf als gemeinn\u00fctzig offiziell anerkannt wurde.<br \/>Kr\u00e4fteraubend, vor allem f\u00fcr Maria Bolea, waren die schier unendlichen beh\u00f6rdlichen Genehmigungsprozeduren vor Ort in Rum\u00e4nien.<\/p>\n<p><strong>Geschichte in Rundbriefen<\/strong><br \/>Im Folgenden finden Sie die wichtigsten Rundschreiben an Mitglieder, Spender und Freunde des Vereins \u201cProjekt Blinden Vision\u201d seit Gr\u00fcndung. Die Rundschreiben und sonstigen Schriftst\u00fccke dokumentieren eindr\u00fccklich die Geschichte des \u201cProjektes\u201d von der Gr\u00fcndung 2009 bis heute.<\/p>\n<p><strong><a title=\"Jahresbericht 2013\" href=\"https:\/\/blindenvision.de\/wp-content\/uploads\/2025\/05\/An-die-Mitglieder-Projekt-BlindenVision-Mai-2025.pdf\" target=\"_blank\" rel=\"noopener noreferrer\">Rundschreiben Mai 2025<\/a><\/strong><\/p>\n<p><strong><a href=\"https:\/\/blindenvision.de\/wp-content\/uploads\/2024\/10\/Einige-Eindruecke-aus-dem-Projekt-Sept-2024.pdf\">Projekteindr\u00fccke Sep 2024<\/a> und <a href=\"https:\/\/blindenvision.de\/?p=1301\" target=\"_blank\" rel=\"noopener\">Zwischenbericht<\/a><\/strong><\/p>\n<p><strong><a href=\"https:\/\/blindenvision.de\/wp-content\/uploads\/2023\/11\/Bericht-PBV-Juli-2023.pdf\">Rundschreiben Jul 2023<\/a><\/strong><\/p>\n<p><strong><a href=\"https:\/\/blindenvision.de\/wp-content\/uploads\/2023\/01\/Bericht-PBV-Sept-2022.pdf\" target=\"_blank\" rel=\"noopener noreferrer\">Rundschreiben Sep 2022<\/a><\/strong><\/p>\n<p><strong><a href=\"\/\/blindenvision.de\/wp-content\/uploads\/2021\/10\/28-Rundbrief-Sept-2021.pdf\" target=\"_blank\" rel=\"noopener noreferrer\">Rundschreiben Sep 2021<\/a><\/strong><\/p>\n<p><strong><a href=\"https:\/\/blindenvision.de\/wp-content\/uploads\/2021\/10\/27-Rundschreiben-Mai-2021.pdf\" target=\"_blank\" rel=\"noopener noreferrer\">Rundschreiben Mai 2021<\/a><\/strong><\/p>\n<p><strong><a href=\"https:\/\/blindenvision.de\/wp-content\/uploads\/2021\/02\/26-Rundschreiben-Dez-2020.pdf\" target=\"_blank\" rel=\"noopener noreferrer\">Rundschreiben Dez 2020<\/a><\/strong><\/p>\n<p><strong><a href=\"https:\/\/blindenvision.de\/wp-content\/uploads\/2021\/02\/25-Rundschreiben-Okt-2020.pdf\" target=\"_blank\" rel=\"noopener noreferrer\">Rundschreiben Okt 2020<\/a><\/strong><\/p>\n<p><strong><a href=\"https:\/\/blindenvision.de\/wp-content\/uploads\/2021\/02\/24-Rundschreiben-Apr-2020.pdf\" target=\"_blank\" rel=\"noopener noreferrer\">Rundschreiben Apr 2020<\/a><\/strong><\/p>\n<p><strong><a title=\"Niederschrift ueber Gruendung\" href=\"\/wp-content\/uploads\/2014\/12\/1-Niederschrift-\u00fcber-die-Gr\u00fcndung-des-Vereins.pdf\" target=\"_blank\" rel=\"noopener noreferrer\">Niederschrift \u00fcber die Gr\u00fcndung des Vereins<\/a><\/strong><\/p>\n\n\n<p><\/p>\n","protected":false},"excerpt":{"rendered":"<p>Den Anfang unseres Projekts \u2013 im Herbst 2009 \u2013 bildete das Zwillingspaar Christian und Christina. Maria und Nico Bolea hatten die beiden aus den menschenunw\u00fcrdigen Verh\u00e4ltnissen eines Kinderheimes zu sich nach Hause geholt. Christina war vollst\u00e4ndig blind, Christian nur zu 30% sehf\u00e4hig. Nach der Eingew\u00f6hnungszeit der traumatisierten Kinder ergab sich ein neues Problem. Die Kinder [&hellip;]<\/p>\n","protected":false},"author":1,"featured_media":0,"parent":0,"menu_order":0,"comment_status":"closed","ping_status":"closed","template":"","meta":{"footnotes":""},"class_list":["post-181","page","type-page","status-publish","hentry"],"_links":{"self":[{"href":"https:\/\/blindenvision.de\/index.php?rest_route=\/wp\/v2\/pages\/181","targetHints":{"allow":["GET"]}}],"collection":[{"href":"https:\/\/blindenvision.de\/index.php?rest_route=\/wp\/v2\/pages"}],"about":[{"href":"https:\/\/blindenvision.de\/index.php?rest_route=\/wp\/v2\/types\/page"}],"author":[{"embeddable":true,"href":"https:\/\/blindenvision.de\/index.php?rest_route=\/wp\/v2\/users\/1"}],"replies":[{"embeddable":true,"href":"https:\/\/blindenvision.de\/index.php?rest_route=%2Fwp%2Fv2%2Fcomments&post=181"}],"version-history":[{"count":63,"href":"https:\/\/blindenvision.de\/index.php?rest_route=\/wp\/v2\/pages\/181\/revisions"}],"predecessor-version":[{"id":1714,"href":"https:\/\/blindenvision.de\/index.php?rest_route=\/wp\/v2\/pages\/181\/revisions\/1714"}],"wp:attachment":[{"href":"https:\/\/blindenvision.de\/index.php?rest_route=%2Fwp%2Fv2%2Fmedia&parent=181"}],"curies":[{"name":"wp","href":"https:\/\/api.w.org\/{rel}","templated":true}]}}