{"id":1616,"date":"2025-03-23T15:02:18","date_gmt":"2025-03-23T13:02:18","guid":{"rendered":"https:\/\/blindenvision.de\/?page_id=1616"},"modified":"2025-03-23T15:25:26","modified_gmt":"2025-03-23T13:25:26","slug":"satzung","status":"publish","type":"page","link":"https:\/\/blindenvision.de\/?page_id=1616","title":{"rendered":"Satzung"},"content":{"rendered":"\n<p><\/p>\n\n\n\n<h1 class=\"wp-block-heading\"><strong>Satzung des Projekts Blinden Vision e.V.<\/strong><\/h1>\n\n\n<p><a href=\"https:\/\/blindenvision.de\/wp-content\/uploads\/2025\/03\/Satzung-des-Vereins-Projekt-Blinden-Vision-20240902.pdf\"><img decoding=\"async\" src=\"https:\/\/blindenvision.de\/wp-content\/uploads\/2014\/09\/pdf.png\" alt=\"pdf Icon\" \/>\u00a0 Satzung des Vereins Projekt Blinden Vision 20240902<\/a><\/p>\n\n\n<h3 class=\"wp-block-heading\">\u00a7 1 (Name, Sitz)&nbsp;<\/h3>\n\n\n\n<ol class=\"wp-block-list\">\n<li>Der Verein f\u00fchrt den Namen&nbsp;&nbsp; <strong>Projekt Blinden Vision<\/strong><\/li>\n<\/ol>\n\n\n\n<p>&nbsp;&nbsp;&nbsp;&nbsp;&nbsp;&nbsp;&nbsp;&nbsp;&nbsp;&nbsp;&nbsp;&nbsp;&nbsp;&nbsp;&nbsp; [englisch: Project Blind Vision, rum\u00e4nisch: Proiectul Viziunea Orbilor]<\/p>\n\n\n\n<ul class=\"wp-block-list\">\n<li>Er soll in das Vereinsregister eingetragen werden und f\u00fchrt danach den Zusatz \u201ee.V.\u201c<\/li>\n\n\n\n<li>Der Sitz des Vereins ist P\u00f6ttmes.<\/li>\n<\/ul>\n\n\n\n<h3 class=\"wp-block-heading\">\u00a7 2 (Zweck)&nbsp;<\/h3>\n\n\n\n<ol class=\"wp-block-list\">\n<li>Der Zweck des Vereins ist die Gr\u00fcndung, der Aufbau und Betrieb einer Schule f\u00fcr blinde und anders behinderte Kinder in Alba Julia, Rum\u00e4nien<strong>.<\/strong><\/li>\n\n\n\n<li>Der Verein verfolgt ausschlie\u00dflich und unmittelbar gemeinn\u00fctzige Zwecke im Sinne des Abschnitts \u201cSteuerbeg\u00fcnstigte Zwecke\u201c der Abgabenordnung. Der Verein ist selbstlos t\u00e4tig; er verfolgt nicht in erster Linie eigenwirtschaftliche&nbsp; Zwecke.<\/li>\n<\/ol>\n\n\n\n<p>Mittel des Vereins d\u00fcrfen nur f\u00fcr die satzungsm\u00e4\u00dfigen Zwecke verwendet werden.<\/p>\n\n\n\n<p>Die Mitglieder erhalten keine Zuwendungen aus Mitteln des Vereins. Es darf keine Person durch Ausgaben, die dem Zweck der K\u00f6rperschaft fremd sind oder durch unverh\u00e4ltnism\u00e4\u00dfig hohe Verg\u00fctungen beg\u00fcnstigt werden.&nbsp;<\/p>\n\n\n\n<h3 class=\"wp-block-heading\">\u00a7 3 (Mitgliedschaft)&nbsp;<\/h3>\n\n\n\n<ol class=\"wp-block-list\">\n<li>Mitglied des Vereins kann jede nat\u00fcrliche oder juristische Person werden.<\/li>\n\n\n\n<li>\u00dcber die Aufnahme entscheidet nach schriftlichem Antrag der Vorstand. Bei Minderj\u00e4hrigen ist der Aufnahmeantrag durch die gesetzlichen Vertreter zu stellen.<\/li>\n\n\n\n<li>Der Austritt aus dem Verein ist jederzeit zul\u00e4ssig. Er muss schriftlich gegen\u00fcber dem Vorstand erkl\u00e4rt werden.<\/li>\n\n\n\n<li>Ein Mitglied kann aus dem Verein ausgeschlossen werden, wenn sein Verhalten in grober Weise gegen die Interessen des Vereins verst\u00f6\u00dft. \u00dcber den Ausschluss entscheidet die Mitgliederversammlung.<\/li>\n\n\n\n<li>Die Mitgliedschaft endet mit dem Tod des Mitglieds, bei juristischen Personen mit deren Erl\u00f6schen.<\/li>\n\n\n\n<li>Das ausgetretene oder ausgeschlossene Mitglied hat keinen Anspruch gegen\u00fcber dem Vereinsverm\u00f6gen. E\/RS 553 (11.06) AG A<\/li>\n\n\n\n<li>Die Mitglieder haben Mitgliedsbeitr\u00e4ge von mindestens 20 \u20ac pro Jahr zu leisten. Die H\u00f6he und F\u00e4lligkeit der Mitgliedsbeitr\u00e4ge wird durch die Mitgliederversammlung festgesetzt.<\/li>\n<\/ol>\n\n\n\n<h3 class=\"wp-block-heading\">\u00a7 4 (Vorstand)&nbsp;<\/h3>\n\n\n\n<ol class=\"wp-block-list\">\n<li>Der Gesamtvorstand des Vereins besteht aus besteht aus dem\/der 1. Vorsitzenden, dem\/der 2. Vorsitzenden, dem\/der Kassier\/erin, dem\/der Schriftf\u00fchrer\/in, sowie einem\/r oder mehreren Beisitzer\/n\/innen.<\/li>\n\n\n\n<li>Der Vorstand im Sinne des \u00a7 26 BGB besteht aus dem 1. Vorsitzenden und dem 2. Vorsitzenden. Jeder von ihnen vertritt den Verein einzeln.<\/li>\n<\/ol>\n\n\n\n<p>Dar\u00fcber hinaus kann der Kassier in Abstimmung mit dem Vorstand den Verein in allen Bankgesch\u00e4ften vertreten.<\/p>\n\n\n\n<ul class=\"wp-block-list\">\n<li>Der Vorstand wird von der Mitgliederversammlung auf die Dauer von zwei Jahren gew\u00e4hlt; er bleibt jedoch so lange im Amt bis eine Neuwahl erfolgt ist.<\/li>\n<\/ul>\n\n\n\n<h3 class=\"wp-block-heading\">\u00a7 5 (Mitgliederversammlung)&nbsp;<\/h3>\n\n\n\n<ol class=\"wp-block-list\">\n<li>Die ordentliche Mitgliederversammlung findet einmal j\u00e4hrlich statt. Au\u00dferdem muss eine Mitgliederversammlung einberufen werden, wenn das Interesse des Vereins es erfordert oder wenn mindestens 1\/10 der Mitglieder die Einberufung schriftlich unter Angabe des Zwecks und der Gr\u00fcnde verlangt.&nbsp;<\/li>\n\n\n\n<li>Jede Mitgliederversammlung ist vom Vorstand schriftlich unter Einhaltung einer Einladungsfrist von 3 Wochen und unter Angabe der Tagesordnung einzuberufen.&nbsp;<\/li>\n\n\n\n<li>Versammlungsleiter ist der 1. Vorsitzende und im Falle seiner Verhinderung der 2. Vorsitzende. Sollten beide nicht anwesend sein, wird ein Versammlungsleiter von der Mitgliederversammlung gew\u00e4hlt. Soweit der Schriftf\u00fchrer nicht&nbsp;&nbsp; anwesend ist, wird auch dieser von der Mitgliederversammlung bestimmt.&nbsp;<\/li>\n\n\n\n<li>Jede ordnungsgem\u00e4\u00df einberufene Mitgliederversammlung ist ohne R\u00fccksicht auf die Zahl der erschienenen Mitglieder beschlussf\u00e4hig.<\/li>\n\n\n\n<li>Die Beschl\u00fcsse der Mitgliederversammlung werden mit einfacher Mehrheit der abgegebenen g\u00fcltigen Stimmen gefasst. Zur \u00c4nderung der Satzung und des Vereinszwecks ist jedoch eine Mehrheit von \u00be der abgegebenen g\u00fcltigen Stimmen erforderlich.&nbsp;<\/li>\n\n\n\n<li>\u00dcber die Beschl\u00fcsse der Mitgliederversammlung ist ein Protokoll aufzunehmen, das vom Versammlungsleiter und dem Schriftf\u00fchrer zu unterschreiben ist.<\/li>\n<\/ol>\n\n\n\n<h3 class=\"wp-block-heading\">\u00a7 6 (Aufl\u00f6sung, Anfall des Vereinsverm\u00f6gens) &nbsp;<\/h3>\n\n\n\n<ol class=\"wp-block-list\">\n<li>Zur Aufl\u00f6sung des Vereins ist eine Mehrheit von 4\/5 der abgegebenen g\u00fcltigen Stimmen erforderlich.&nbsp;<\/li>\n\n\n\n<li>Bei Aufl\u00f6sung des Vereins, Entzugs der Rechtsf\u00e4higkeit oder bei Wegfall&nbsp; steuerbeg\u00fcnstigter Zwecke f\u00e4llt das Verm\u00f6gen des Vereins an die Christoffel&nbsp;&nbsp;&nbsp; Blinden Mission (CBM), Nibelungenstra\u00dfe 124, 64625 Bensheim, Germany,&nbsp; zwecks Verwendung f\u00fcr deren satzungsgem\u00e4\u00dfe Aufgaben.<\/li>\n<\/ol>\n\n\n\n<p>P\u00f6ttmes, 02.09.2024<\/p>\n\n\n\n<p><\/p>\n","protected":false},"excerpt":{"rendered":"<p>Satzung des Projekts Blinden Vision e.V. \u00a0 Satzung des Vereins Projekt Blinden Vision 20240902 \u00a7 1 (Name, Sitz)&nbsp; &nbsp;&nbsp;&nbsp;&nbsp;&nbsp;&nbsp;&nbsp;&nbsp;&nbsp;&nbsp;&nbsp;&nbsp;&nbsp;&nbsp;&nbsp; [englisch: Project Blind Vision, rum\u00e4nisch: Proiectul Viziunea Orbilor] \u00a7 2 (Zweck)&nbsp; Mittel des Vereins d\u00fcrfen nur f\u00fcr die satzungsm\u00e4\u00dfigen Zwecke verwendet werden. Die Mitglieder erhalten keine Zuwendungen aus Mitteln des Vereins. Es darf keine Person durch [&hellip;]<\/p>\n","protected":false},"author":1,"featured_media":0,"parent":0,"menu_order":0,"comment_status":"closed","ping_status":"closed","template":"","meta":{"footnotes":""},"class_list":["post-1616","page","type-page","status-publish","hentry"],"_links":{"self":[{"href":"https:\/\/blindenvision.de\/index.php?rest_route=\/wp\/v2\/pages\/1616","targetHints":{"allow":["GET"]}}],"collection":[{"href":"https:\/\/blindenvision.de\/index.php?rest_route=\/wp\/v2\/pages"}],"about":[{"href":"https:\/\/blindenvision.de\/index.php?rest_route=\/wp\/v2\/types\/page"}],"author":[{"embeddable":true,"href":"https:\/\/blindenvision.de\/index.php?rest_route=\/wp\/v2\/users\/1"}],"replies":[{"embeddable":true,"href":"https:\/\/blindenvision.de\/index.php?rest_route=%2Fwp%2Fv2%2Fcomments&post=1616"}],"version-history":[{"count":4,"href":"https:\/\/blindenvision.de\/index.php?rest_route=\/wp\/v2\/pages\/1616\/revisions"}],"predecessor-version":[{"id":1635,"href":"https:\/\/blindenvision.de\/index.php?rest_route=\/wp\/v2\/pages\/1616\/revisions\/1635"}],"wp:attachment":[{"href":"https:\/\/blindenvision.de\/index.php?rest_route=%2Fwp%2Fv2%2Fmedia&parent=1616"}],"curies":[{"name":"wp","href":"https:\/\/api.w.org\/{rel}","templated":true}]}}