{"id":1330,"date":"2025-02-04T21:14:00","date_gmt":"2025-02-04T19:14:00","guid":{"rendered":"https:\/\/blindenvision.de\/?page_id=1330"},"modified":"2025-03-23T15:41:55","modified_gmt":"2025-03-23T13:41:55","slug":"profil","status":"publish","type":"page","link":"https:\/\/blindenvision.de\/?page_id=1330","title":{"rendered":"Profil"},"content":{"rendered":"<h2><strong>Eine Tagesst\u00e4tte f\u00fcr Kinder mit Behinderungen in Alba Julia, Rum\u00e4nien<\/strong><\/h2>\n<p>Zusammen mit rum\u00e4nischen Freunden haben wir 2009 das \u201eProjekt BlindenVision\u201c gegr\u00fcndet. Seither werden in unserem Tageszentrum in Alba Julia Kinder mit Behinderungen betreut und gef\u00f6rdert. Es macht uns unglaubliche Freude, die Kinder und die Entwicklung des Projekts mitzuerleben und unterst\u00fctzen zu k\u00f6nnen.<\/p>\n<p><a href=\"https:\/\/blindenvision.de\/wp-content\/uploads\/2022\/09\/20220915_0034-2.jpg\"><img loading=\"lazy\" decoding=\"async\" class=\"alignnone  wp-image-1203\" src=\"https:\/\/blindenvision.de\/wp-content\/uploads\/2022\/09\/20220915_0034-2.jpg\" alt=\"\" width=\"143\" height=\"165\" srcset=\"https:\/\/blindenvision.de\/wp-content\/uploads\/2022\/09\/20220915_0034-2.jpg 672w, https:\/\/blindenvision.de\/wp-content\/uploads\/2022\/09\/20220915_0034-2-260x300.jpg 260w\" sizes=\"auto, (max-width: 143px) 100vw, 143px\" \/>\u00a0 <\/a><a href=\"https:\/\/blindenvision.de\/wp-content\/uploads\/2022\/09\/IMG-20220616-WA0111-2.jpg\"><img loading=\"lazy\" decoding=\"async\" class=\"alignnone  wp-image-1209\" src=\"https:\/\/blindenvision.de\/wp-content\/uploads\/2022\/09\/IMG-20220616-WA0111-2.jpg\" alt=\"\" width=\"209\" height=\"166\" srcset=\"https:\/\/blindenvision.de\/wp-content\/uploads\/2022\/09\/IMG-20220616-WA0111-2.jpg 772w, https:\/\/blindenvision.de\/wp-content\/uploads\/2022\/09\/IMG-20220616-WA0111-2-300x239.jpg 300w, https:\/\/blindenvision.de\/wp-content\/uploads\/2022\/09\/IMG-20220616-WA0111-2-768x611.jpg 768w\" sizes=\"auto, (max-width: 209px) 100vw, 209px\" \/>\u00a0 <\/a><a href=\"https:\/\/blindenvision.de\/wp-content\/uploads\/2023\/11\/Bild3.jpg\"><img loading=\"lazy\" decoding=\"async\" class=\"alignnone  wp-image-1262\" src=\"https:\/\/blindenvision.de\/wp-content\/uploads\/2023\/11\/Bild3.jpg\" alt=\"\" width=\"170\" height=\"164\" \/><\/a><\/p>\n<p>Derzeit versorgt die Tagesst\u00e4tte 40 Kinder, meist ganzt\u00e4gig, manche zeitweise. Sie kommen mit unterschiedlichen Beeintr\u00e4chtigungen, vor allem mit Sehst\u00f6rungen, immer mehr aber auch mit autistischen Pr\u00e4gungen. Wir sind nun in der gl\u00fccklichen Lage 12-15 Mitarbeiter\/innen zu besch\u00e4ftigen: Psychologinnen, Sozialp\u00e4dagog\/innen, qualifizierte Therapeut\/innen mit logop\u00e4discher, kinesotherapeutischer oder berufsp\u00e4dagogischer Ausbildung, eine Musiktherapeutin und die ehrenamtliche Projektleiterin Maria Bolea. Sie alle begleiten die Kinder in ihrer Entwicklung entsprechend ihrer ganz individuellen Handicaps mit viel Engagement.\u00a0 Dazu kommen je nach Bedarf Teilzeitkr\u00e4fte und freiwillige Helfer f\u00fcr die vielf\u00e4ltigen Aktivit\u00e4ten wie Ausfl\u00fcge, Musikauff\u00fchrungen, Bastel- oder Gartenarbeiten oder Weihnachtsproduktionen.<\/p>\n<p>Unsere R\u00e4umlichkeiten konnten in den letzten Jahren erheblich ausgebaut werden. Wir verf\u00fcgen heute \u00fcber mehrere Aufenthaltsr\u00e4ume, ein Musikzimmer, drei Werkr\u00e4ume, ein Logop\u00e4diezimmer, eine moderne K\u00fcche mit Essraum (gestiftet von Sternstunden des Bayerischen Rundfunks), einen gro\u00dfen Garten mit H\u00fchnern, Enten, Hunden, Pony, Gem\u00fcsebeeten und Obstb\u00e4umen. Dazu kommt eine gro\u00dfe Allzweck-, bzw. Gymnastikhalle mit verschiedensten Therapieeinrichtungen und Kletterwand (sowie Solardach, gesponsort durch Regine Sixt Children\u2019s Aid Foundation).<\/p>\n<p><a href=\"https:\/\/blindenvision.de\/wp-content\/uploads\/2023\/01\/Bewegungstherapien-in-der-neuen-Halle-scaled.jpg\"><img loading=\"lazy\" decoding=\"async\" class=\"alignnone  wp-image-1234\" src=\"https:\/\/blindenvision.de\/wp-content\/uploads\/2023\/01\/Bewegungstherapien-in-der-neuen-Halle-1024x673.jpg\" alt=\"\" width=\"324\" height=\"213\" srcset=\"https:\/\/blindenvision.de\/wp-content\/uploads\/2023\/01\/Bewegungstherapien-in-der-neuen-Halle-1024x673.jpg 1024w, https:\/\/blindenvision.de\/wp-content\/uploads\/2023\/01\/Bewegungstherapien-in-der-neuen-Halle-300x197.jpg 300w, https:\/\/blindenvision.de\/wp-content\/uploads\/2023\/01\/Bewegungstherapien-in-der-neuen-Halle-768x505.jpg 768w, https:\/\/blindenvision.de\/wp-content\/uploads\/2023\/01\/Bewegungstherapien-in-der-neuen-Halle-1536x1010.jpg 1536w, https:\/\/blindenvision.de\/wp-content\/uploads\/2023\/01\/Bewegungstherapien-in-der-neuen-Halle-2048x1346.jpg 2048w\" sizes=\"auto, (max-width: 324px) 100vw, 324px\" \/> <\/a><a href=\"https:\/\/blindenvision.de\/wp-content\/uploads\/2021\/11\/IMG-20210924-WA0012die-Kleinen-essen-zur-D\u00e4mpfung-des-L\u00e4rmpegels-getrennt..jpg\"><img loading=\"lazy\" decoding=\"async\" class=\"alignnone  wp-image-1028\" src=\"https:\/\/blindenvision.de\/wp-content\/uploads\/2021\/11\/IMG-20210924-WA0012die-Kleinen-essen-zur-D\u00e4mpfung-des-L\u00e4rmpegels-getrennt.-1024x768.jpg\" alt=\"\" width=\"283\" height=\"212\" srcset=\"https:\/\/blindenvision.de\/wp-content\/uploads\/2021\/11\/IMG-20210924-WA0012die-Kleinen-essen-zur-D\u00e4mpfung-des-L\u00e4rmpegels-getrennt.-1024x768.jpg 1024w, https:\/\/blindenvision.de\/wp-content\/uploads\/2021\/11\/IMG-20210924-WA0012die-Kleinen-essen-zur-D\u00e4mpfung-des-L\u00e4rmpegels-getrennt.-300x225.jpg 300w, https:\/\/blindenvision.de\/wp-content\/uploads\/2021\/11\/IMG-20210924-WA0012die-Kleinen-essen-zur-D\u00e4mpfung-des-L\u00e4rmpegels-getrennt.-768x576.jpg 768w, https:\/\/blindenvision.de\/wp-content\/uploads\/2021\/11\/IMG-20210924-WA0012die-Kleinen-essen-zur-D\u00e4mpfung-des-L\u00e4rmpegels-getrennt.-1536x1152.jpg 1536w, https:\/\/blindenvision.de\/wp-content\/uploads\/2021\/11\/IMG-20210924-WA0012die-Kleinen-essen-zur-D\u00e4mpfung-des-L\u00e4rmpegels-getrennt..jpg 1600w\" sizes=\"auto, (max-width: 283px) 100vw, 283px\" \/><\/a><\/p>\n\n\n<p><\/p>\n","protected":false},"excerpt":{"rendered":"<p>Eine Tagesst\u00e4tte f\u00fcr Kinder mit Behinderungen in Alba Julia, Rum\u00e4nien Zusammen mit rum\u00e4nischen Freunden haben wir 2009 das \u201eProjekt BlindenVision\u201c gegr\u00fcndet. Seither werden in unserem Tageszentrum in Alba Julia Kinder mit Behinderungen betreut und gef\u00f6rdert. Es macht uns unglaubliche Freude, die Kinder und die Entwicklung des Projekts mitzuerleben und unterst\u00fctzen zu k\u00f6nnen. \u00a0 \u00a0 Derzeit [&hellip;]<\/p>\n","protected":false},"author":1,"featured_media":0,"parent":0,"menu_order":0,"comment_status":"closed","ping_status":"closed","template":"","meta":{"footnotes":""},"class_list":["post-1330","page","type-page","status-publish","hentry"],"_links":{"self":[{"href":"https:\/\/blindenvision.de\/index.php?rest_route=\/wp\/v2\/pages\/1330","targetHints":{"allow":["GET"]}}],"collection":[{"href":"https:\/\/blindenvision.de\/index.php?rest_route=\/wp\/v2\/pages"}],"about":[{"href":"https:\/\/blindenvision.de\/index.php?rest_route=\/wp\/v2\/types\/page"}],"author":[{"embeddable":true,"href":"https:\/\/blindenvision.de\/index.php?rest_route=\/wp\/v2\/users\/1"}],"replies":[{"embeddable":true,"href":"https:\/\/blindenvision.de\/index.php?rest_route=%2Fwp%2Fv2%2Fcomments&post=1330"}],"version-history":[{"count":5,"href":"https:\/\/blindenvision.de\/index.php?rest_route=\/wp\/v2\/pages\/1330\/revisions"}],"predecessor-version":[{"id":1646,"href":"https:\/\/blindenvision.de\/index.php?rest_route=\/wp\/v2\/pages\/1330\/revisions\/1646"}],"wp:attachment":[{"href":"https:\/\/blindenvision.de\/index.php?rest_route=%2Fwp%2Fv2%2Fmedia&parent=1330"}],"curies":[{"name":"wp","href":"https:\/\/api.w.org\/{rel}","templated":true}]}}